{"id":26,"date":"2022-08-24T03:44:13","date_gmt":"2022-08-24T03:44:13","guid":{"rendered":"https:\/\/fleur-de-vie-doula.fr\/?page_id=26"},"modified":"2024-12-07T19:28:51","modified_gmt":"2024-12-07T18:28:51","slug":"nos-prestations","status":"publish","type":"page","link":"https:\/\/fleur-de-vie-doula.fr\/?page_id=26","title":{"rendered":"Prestations"},"content":{"rendered":"\t\t<div data-elementor-type=\"wp-page\" data-elementor-id=\"26\" class=\"elementor elementor-26\">\n\t\t\t\t\t\t<section class=\"elementor-section elementor-top-section elementor-element elementor-element-f22747d elementor-section-boxed elementor-section-height-default elementor-section-height-default\" data-id=\"f22747d\" data-element_type=\"section\">\n\t\t\t\t\t\t<div class=\"elementor-container elementor-column-gap-default\">\n\t\t\t\t\t<div class=\"elementor-column elementor-col-100 elementor-top-column elementor-element elementor-element-4e40d0f\" data-id=\"4e40d0f\" data-element_type=\"column\">\n\t\t\t<div class=\"elementor-widget-wrap elementor-element-populated\">\n\t\t\t\t\t\t<div class=\"elementor-element elementor-element-93425eb elementor-widget elementor-widget-ovasev_elementor_service_box\" data-id=\"93425eb\" data-element_type=\"widget\" data-widget_type=\"ovasev_elementor_service_box.default\">\n\t\t\t\t<div class=\"elementor-widget-container\">\n\t\t\t\t\t\n<div class=\"ova-service-box-elementor three_column\">\n\n\t\n\t<div class=\"ova-service-box ova-service-box-template1\">\n\n\t\t \n\t\t    <div class=\"mask\" style=\"background-image: url(http:\/\/localhost:8888\/wordpress\/wp-content\/uploads\/2022\/08\/flowers2.png)\"><\/div>\n\t    \n\t    <div class=\"img-service\">\t\n\t    \t\t    \t\t<img decoding=\"async\" src=\"https:\/\/fleur-de-vie-doula.fr\/wp-content\/uploads\/2025\/02\/image.png\" alt=\"En pr\u00e9natal\">\n\t    \t\n\t    \t\t    <\/div>\n\t    \n\t    <div class=\"info\">\n\t    \t\t\t\t\t<a href=\"https:\/\/fleur-de-vie-doula.fr\/?ova_sev=prenatal\"  title=\"En pr\u00e9natal\">\n\t\t\t\n\t\t        \t\t\t\t\t<h4 class=\"title\">\n\t\t\t\t\t\tEn pr\u00e9natal\t\t\t\t\t<\/h4>\n\t\t\t\t\n\t\t\t\t\t\t\t<\/a>\n\t\t\t    \n\t\t\t\t\t\t\t<p class=\"description\">\n\t\t\t\t\tLa grossesse est un v\u00e9ritable bouleversement int\u00e9rieur et physique avec son lot de questions.\t\t\t\t<\/p>\n\t\t\t\n\t\t\t\t\t\t\t<a class=\"book-button\" href=\"https:\/\/fleur-de-vie-doula.fr\/?ova_sev=prenatal\"  title=\"En pr\u00e9natal\">\n\t\t\t\t\tD\u00e9tails\t\t\t\t\t<i class=\"flaticon flaticon-right-arrow\"><\/i>\n\t\t\t\t<\/a>\n\t\t\t\t    <\/div>\n\n\t<\/div>\n\t<div class=\"ova-service-box ova-service-box-template1\">\n\n\t\t \n\t\t    <div class=\"mask\" style=\"background-image: url(http:\/\/localhost:8888\/wordpress\/wp-content\/uploads\/2022\/08\/flowers2.png)\"><\/div>\n\t    \n\t    <div class=\"img-service\">\t\n\t    \t\t    \t\t<img decoding=\"async\" src=\"https:\/\/fleur-de-vie-doula.fr\/wp-content\/uploads\/2024\/12\/kelly-sikkema-Z4GKcFAGck4-unsplash-768x660.jpg\" alt=\"En post-partum\">\n\t    \t\n\t    \t\t    <\/div>\n\t    \n\t    <div class=\"info\">\n\t    \t\t\t\t\t<a href=\"https:\/\/fleur-de-vie-doula.fr\/?ova_sev=post-partum\"  title=\"En post-partum\">\n\t\t\t\n\t\t        \t\t\t\t\t<h4 class=\"title\">\n\t\t\t\t\t\tEn post-partum\t\t\t\t\t<\/h4>\n\t\t\t\t\n\t\t\t\t\t\t\t<\/a>\n\t\t\t    \n\t\t\t\t\t\t\t<p class=\"description\">\n\t\t\t\t\tLa naissance n\u2019est que le tout d\u00e9but de la grande aventure qu\u2019est la maternit\u00e9.\t\t\t\t<\/p>\n\t\t\t\n\t\t\t\t\t\t\t<a class=\"book-button\" href=\"https:\/\/fleur-de-vie-doula.fr\/?ova_sev=post-partum\"  title=\"En post-partum\">\n\t\t\t\t\tD\u00e9tails\t\t\t\t\t<i class=\"flaticon flaticon-right-arrow\"><\/i>\n\t\t\t\t<\/a>\n\t\t\t\t    <\/div>\n\n\t<\/div>\n\t<div class=\"ova-service-box ova-service-box-template1\">\n\n\t\t \n\t\t    <div class=\"mask\" style=\"background-image: url(http:\/\/localhost:8888\/wordpress\/wp-content\/uploads\/2022\/08\/flowers2.png)\"><\/div>\n\t    \n\t    <div class=\"img-service\">\t\n\t    \t\t    \t\t<img decoding=\"async\" src=\"https:\/\/fleur-de-vie-doula.fr\/wp-content\/uploads\/2022\/08\/pexels-gabby-k-20431486-768x660.jpg\" alt=\"Blessing Way\">\n\t    \t\n\t    \t\t    <\/div>\n\t    \n\t    <div class=\"info\">\n\t    \t\t\t\t\t<a href=\"https:\/\/fleur-de-vie-doula.fr\/?ova_sev=blessing-way\"  title=\"Blessing Way\">\n\t\t\t\n\t\t        \t\t\t\t\t<h4 class=\"title\">\n\t\t\t\t\t\tBlessing Way\t\t\t\t\t<\/h4>\n\t\t\t\t\n\t\t\t\t\t\t\t<\/a>\n\t\t\t    \n\t\t\t\t\t\t\t<p class=\"description\">\n\t\t\t\t\tUne c\u00e9r\u00e9monie intime qui marque le passage de l&#039;\u00e9tat de femme \u00e0 celui de m\u00e8re.\t\t\t\t<\/p>\n\t\t\t\n\t\t\t\t\t\t\t<a class=\"book-button\" href=\"https:\/\/fleur-de-vie-doula.fr\/?ova_sev=blessing-way\"  title=\"Blessing Way\">\n\t\t\t\t\tD\u00e9tails\t\t\t\t\t<i class=\"flaticon flaticon-right-arrow\"><\/i>\n\t\t\t\t<\/a>\n\t\t\t\t    <\/div>\n\n\t<\/div>\n\t<div class=\"ova-service-box ova-service-box-template1\">\n\n\t\t \n\t\t    <div class=\"mask\" style=\"background-image: url(http:\/\/localhost:8888\/wordpress\/wp-content\/uploads\/2022\/08\/flowers2.png)\"><\/div>\n\t    \n\t    <div class=\"img-service\">\t\n\t    \t\t    \t\t<img decoding=\"async\" src=\"https:\/\/fleur-de-vie-doula.fr\/wp-content\/uploads\/2022\/08\/Screenshot_20250203_221054-e1738617133178-720x660.jpg\" alt=\"Resserrage du bassin imm\u00e9diat\">\n\t    \t\n\t    \t\t    <\/div>\n\t    \n\t    <div class=\"info\">\n\t    \t\t\t\t\t<a href=\"https:\/\/fleur-de-vie-doula.fr\/?ova_sev=resserrage-bassin\"  title=\"Resserrage du bassin imm\u00e9diat\">\n\t\t\t\n\t\t        \t\t\t\t\t<h4 class=\"title\">\n\t\t\t\t\t\tResserrage du bassin imm\u00e9diat\t\t\t\t\t<\/h4>\n\t\t\t\t\n\t\t\t\t\t\t\t<\/a>\n\t\t\t    \n\t\t\t\t\t\t\t<p class=\"description\">\n\t\t\t\t\tLors de l\u2019accouchement, le bassin est fortement sollicit\u00e9.\t\t\t\t<\/p>\n\t\t\t\n\t\t\t\t\t\t\t<a class=\"book-button\" href=\"https:\/\/fleur-de-vie-doula.fr\/?ova_sev=resserrage-bassin\"  title=\"Resserrage du bassin imm\u00e9diat\">\n\t\t\t\t\tD\u00e9tails\t\t\t\t\t<i class=\"flaticon flaticon-right-arrow\"><\/i>\n\t\t\t\t<\/a>\n\t\t\t\t    <\/div>\n\n\t<\/div>\n\t<div class=\"ova-service-box ova-service-box-template1\">\n\n\t\t \n\t\t    <div class=\"mask\" style=\"background-image: url(http:\/\/localhost:8888\/wordpress\/wp-content\/uploads\/2022\/08\/flowers2.png)\"><\/div>\n\t    \n\t    <div class=\"img-service\">\t\n\t    \t\t    \t\t<img decoding=\"async\" src=\"https:\/\/fleur-de-vie-doula.fr\/wp-content\/uploads\/2025\/02\/IMG-20240503-WA0010-768x660.jpg\" alt=\"Cercle de paroles\">\n\t    \t\n\t    \t\t    <\/div>\n\t    \n\t    <div class=\"info\">\n\t    \t\t\t\t\t<a href=\"https:\/\/fleur-de-vie-doula.fr\/?ova_sev=cercle-paroles\"  title=\"Cercle de paroles\">\n\t\t\t\n\t\t        \t\t\t\t\t<h4 class=\"title\">\n\t\t\t\t\t\tCercle de paroles\t\t\t\t\t<\/h4>\n\t\t\t\t\n\t\t\t\t\t\t\t<\/a>\n\t\t\t    \n\t\t\t\t\t\t\t<p class=\"description\">\n\t\t\t\t\tTexte \u00e0 rajouter\t\t\t\t<\/p>\n\t\t\t\n\t\t\t\t\t\t\t<a class=\"book-button\" href=\"https:\/\/fleur-de-vie-doula.fr\/?ova_sev=cercle-paroles\"  title=\"Cercle de paroles\">\n\t\t\t\t\tD\u00e9tails\t\t\t\t\t<i class=\"flaticon flaticon-right-arrow\"><\/i>\n\t\t\t\t<\/a>\n\t\t\t\t    <\/div>\n\n\t<\/div>\n\t<div class=\"ova-service-box ova-service-box-template1\">\n\n\t\t \n\t\t    <div class=\"mask\" style=\"background-image: url(http:\/\/localhost:8888\/wordpress\/wp-content\/uploads\/2022\/08\/flowers2.png)\"><\/div>\n\t    \n\t    <div class=\"img-service\">\t\n\t    \t\t    \t\t<img decoding=\"async\" src=\"https:\/\/fleur-de-vie-doula.fr\/wp-content\/uploads\/2022\/08\/pexels-cottonbro-3737819-scaled-e1738618034862-768x660.jpg\" alt=\"Suivi symptothermique\">\n\t    \t\n\t    \t\t    <\/div>\n\t    \n\t    <div class=\"info\">\n\t    \t\t\t\t\t<a href=\"https:\/\/fleur-de-vie-doula.fr\/?ova_sev=suivi-symptothermique\"  title=\"Suivi symptothermique\">\n\t\t\t\n\t\t        \t\t\t\t\t<h4 class=\"title\">\n\t\t\t\t\t\tSuivi symptothermique\t\t\t\t\t<\/h4>\n\t\t\t\t\n\t\t\t\t\t\t\t<\/a>\n\t\t\t    \n\t\t\t\t\t\t\t<p class=\"description\">\n\t\t\t\t\tM\u00e9thode naturelle pour g\u00e9rer sa fertilit\u00e9.\t\t\t\t<\/p>\n\t\t\t\n\t\t\t\t\t\t\t<a class=\"book-button\" href=\"https:\/\/fleur-de-vie-doula.fr\/?ova_sev=suivi-symptothermique\"  title=\"Suivi symptothermique\">\n\t\t\t\t\tD\u00e9tails\t\t\t\t\t<i class=\"flaticon flaticon-right-arrow\"><\/i>\n\t\t\t\t<\/a>\n\t\t\t\t    <\/div>\n\n\t<\/div>\n<\/div>\t\t\t\t<\/div>\n\t\t\t\t<\/div>\n\t\t\t\t\t<\/div>\n\t\t<\/div>\n\t\t\t\t\t<\/div>\n\t\t<\/section>\n\t\t\t\t<\/div>\n\t\t","protected":false},"excerpt":{"rendered":"<p>En pr\u00e9natal La grossesse est un v\u00e9ritable bouleversement int\u00e9rieur et physique avec son lot de questions. D\u00e9tails En post-partum La naissance n\u2019est que le tout d\u00e9but de la grande aventure qu\u2019est la maternit\u00e9. D\u00e9tails Blessing Way Une c\u00e9r\u00e9monie intime qui marque le passage de l&#039;\u00e9tat de femme \u00e0 celui de m\u00e8re. D\u00e9tails Resserrage du bassin [&hellip;]<\/p>\n","protected":false},"author":1,"featured_media":0,"parent":0,"menu_order":0,"comment_status":"closed","ping_status":"closed","template":"elementor_header_footer","meta":{"footnotes":""},"class_list":["post-26","page","type-page","status-publish","hentry"],"_links":{"self":[{"href":"https:\/\/fleur-de-vie-doula.fr\/index.php?rest_route=\/wp\/v2\/pages\/26","targetHints":{"allow":["GET"]}}],"collection":[{"href":"https:\/\/fleur-de-vie-doula.fr\/index.php?rest_route=\/wp\/v2\/pages"}],"about":[{"href":"https:\/\/fleur-de-vie-doula.fr\/index.php?rest_route=\/wp\/v2\/types\/page"}],"author":[{"embeddable":true,"href":"https:\/\/fleur-de-vie-doula.fr\/index.php?rest_route=\/wp\/v2\/users\/1"}],"replies":[{"embeddable":true,"href":"https:\/\/fleur-de-vie-doula.fr\/index.php?rest_route=%2Fwp%2Fv2%2Fcomments&post=26"}],"version-history":[{"count":14,"href":"https:\/\/fleur-de-vie-doula.fr\/index.php?rest_route=\/wp\/v2\/pages\/26\/revisions"}],"predecessor-version":[{"id":6896,"href":"https:\/\/fleur-de-vie-doula.fr\/index.php?rest_route=\/wp\/v2\/pages\/26\/revisions\/6896"}],"wp:attachment":[{"href":"https:\/\/fleur-de-vie-doula.fr\/index.php?rest_route=%2Fwp%2Fv2%2Fmedia&parent=26"}],"curies":[{"name":"wp","href":"https:\/\/api.w.org\/{rel}","templated":true}]}}